{"id":1516,"date":"2016-11-05T12:33:05","date_gmt":"2016-11-05T12:33:05","guid":{"rendered":"http:\/\/www.truecubancigars.com\/cigars\/?product=montecristo-churchills-anejados"},"modified":"2025-07-13T22:03:30","modified_gmt":"2025-07-14T04:03:30","slug":"montecristo-churchills-anejados","status":"publish","type":"product","link":"https:\/\/www.truecubancigars.com\/cigars\/product\/montecristo-churchills-anejados\/","title":{"rendered":"Montecristo Churchills A\u00f1ejados"},"content":{"rendered":"<p>The Monty A\u00f1ejados are coming in boxes of 25, stamped with the A\u00f1ejados sticker as well as the month and year of manufacture and the word \u201cRevisado\u201c which translates to \u201cchecked\u201d as a measure of quality control. In regards flavour, Habanos S.A. has stated in a press release that the aging process will give these vitolas a \u201crounder and mellower\u201d flavor than the others in the A\u00f1ejados line. Also, the cedar boxes they have been aged in will contribute to a wood note.Definetely a must have!<\/p>\n<p><strong>Description<\/strong>:<\/p>\n<p><strong>Ring Gauge<\/strong>: 47<br \/>\n<strong>Length<\/strong>: 17.80cm\/6.9\u00a8<br \/>\n<strong>Strength<\/strong>: Medium to Full<br \/>\n<strong>Taste<\/strong>: Woody<br \/>\n<strong>Box<\/strong>: 25 cigars<\/p>\n","protected":false},"excerpt":{"rendered":"<p>The Monty A\u00f1ejados are coming in boxes of 25, stamped with the A\u00f1ejados sticker as well as the month and year of manufacture and the word \u201cRevisado\u201c which translates to \u201cchecked\u201d as a measure of quality control. In regards flavour, Habanos S.A. has stated in a press release that the aging process will give these [&hellip;]<\/p>\n","protected":false},"featured_media":1517,"comment_status":"open","ping_status":"closed","template":"","meta":{"_et_pb_use_builder":"","_et_pb_old_content":"","_et_gb_content_width":""},"product_brand":[],"product_cat":[85],"product_tag":[],"class_list":{"0":"post-1516","1":"product","2":"type-product","3":"status-publish","4":"has-post-thumbnail","6":"product_cat-montecristo-cuban-sealed-boxes","8":"first","9":"instock","10":"taxable","11":"shipping-taxable","12":"purchasable","13":"product-type-simple"},"_links":{"self":[{"href":"https:\/\/www.truecubancigars.com\/cigars\/wp-json\/wp\/v2\/product\/1516","targetHints":{"allow":["GET"]}}],"collection":[{"href":"https:\/\/www.truecubancigars.com\/cigars\/wp-json\/wp\/v2\/product"}],"about":[{"href":"https:\/\/www.truecubancigars.com\/cigars\/wp-json\/wp\/v2\/types\/product"}],"replies":[{"embeddable":true,"href":"https:\/\/www.truecubancigars.com\/cigars\/wp-json\/wp\/v2\/comments?post=1516"}],"wp:featuredmedia":[{"embeddable":true,"href":"https:\/\/www.truecubancigars.com\/cigars\/wp-json\/wp\/v2\/media\/1517"}],"wp:attachment":[{"href":"https:\/\/www.truecubancigars.com\/cigars\/wp-json\/wp\/v2\/media?parent=1516"}],"wp:term":[{"taxonomy":"product_brand","embeddable":true,"href":"https:\/\/www.truecubancigars.com\/cigars\/wp-json\/wp\/v2\/product_brand?post=1516"},{"taxonomy":"product_cat","embeddable":true,"href":"https:\/\/www.truecubancigars.com\/cigars\/wp-json\/wp\/v2\/product_cat?post=1516"},{"taxonomy":"product_tag","embeddable":true,"href":"https:\/\/www.truecubancigars.com\/cigars\/wp-json\/wp\/v2\/product_tag?post=1516"}],"curies":[{"name":"wp","href":"https:\/\/api.w.org\/{rel}","templated":true}]}}